{"id":371,"date":"2020-05-25T09:33:23","date_gmt":"2020-05-25T09:33:23","guid":{"rendered":"http:\/\/couchcoaching.eu\/?page_id=371"},"modified":"2020-11-25T16:35:48","modified_gmt":"2020-11-25T16:35:48","slug":"ueber-uns-2","status":"publish","type":"page","link":"https:\/\/couchcoaching.eu\/?page_id=371","title":{"rendered":"\u00dcber uns"},"content":{"rendered":"\n<h3>\u00dcber uns und unser Projekt<\/h3>\n\n\n\n<p>Wir sind Anne, Oliver und Tilman, die Gr\u00fcnder*innen des Projektes Couchcoaching. Anne und Oliver sind ausgebildete Systemische Coaches\/Berater (SIA, Berlin). Tilman ist Trainer f\u00fcr GFK (Center for Nonviolent Communication, CNVC).&nbsp;<\/p>\n\n\n\n<p>Couchcoaching\u00a0sehen wir als\u00a0wunderbare M\u00f6glichkeit, unsere\u00a0Coachingangebote\u00a0zu b\u00fcndeln und zu professionalisieren. Die Entscheidung\u00a0eine\u00a0Plattform f\u00fcr Coaching\u00a0aufzubauen,\u00a0entspringt unserem\u00a0Wunsch, uns\u00a0mit Gleichgesinnten\u00a0zu verbinden und\u00a0uns im kreativen\u00a0Austausch\u00a0stetig weiterzuentwickeln. So k\u00f6nnen wir uns an der Arbeit der\u00a0anderen inspirieren\u00a0und\u00a0gemeinschaftlich\u00a0eine Angebotsstruktur aufbauen, die\u00a0vielf\u00e4ltige\u00a0Bedarfe abdeckt.\u00a0\u00a0<\/p>\n\n\n\n<p>Alle&nbsp;Couchcoaches&nbsp;bringen die Erfahrung mit,&nbsp;f\u00fcr mehrere Jahre in&nbsp;\u201eagilen\u201c, d.h. weitgehend durch die Mitarbeiter*innen selbstorganisierten&nbsp;Unternehmen&nbsp;gearbeitet zu haben.&nbsp;Zu unserem Selbstverst\u00e4ndnis geh\u00f6rt, unsere Arbeits- und Teamprozesse sinnhaft zu reflektieren und uns \u00fcber jene Werte zu verst\u00e4ndigen, die uns f\u00fcr die Weiterentwicklung unseres Projektes Orientierung und Klarheit schenken.&nbsp;Couchcoaching&nbsp;begreifen wir als ein &#8220;evolution\u00e4res Projekt\u201c (F.&nbsp;Laloux), das mit uns und durch uns in seine Marktnische hineinw\u00e4chst&nbsp;und dabei auf nat\u00fcrliche Weise&nbsp;jene&nbsp;Gestalt findet, die uns am besten entspricht und zu den Bedarfen&nbsp;der Menschen,&nbsp;die zu uns kommen, am besten passt.&nbsp;Der Einsatz von Feedback sowie die stetige Evaluation unserer Arbeit sind f\u00fcr uns wichtige Quellen der Innovation&nbsp;und Erneuerung.<\/p>\n\n\n\n<p>Wir sind&nbsp;alle&nbsp;berufst\u00e4tig, teils selbst\u00e4ndig, teils in Anstellung, und bauen Couchcoaching als Side-Projekt auf.&nbsp;&nbsp;&nbsp;&nbsp;<\/p>\n\n\n\n<div style=\"height:20px\" aria-hidden=\"true\" class=\"wp-block-spacer\"><\/div>\n\n\n\n<h3>Hier geht es zu unseren Profilen:<\/h3>\n\n\n\n<div style=\"height:20px\" aria-hidden=\"true\" class=\"wp-block-spacer\"><\/div>\n\n\n\n<div class=\"is-layout-flex wp-block-buttons\">\n<div class=\"wp-block-button\"><a class=\"wp-block-button__link has-background has-luminous-vivid-orange-background-color\" href=\"https:\/\/couchcoaching.eu\/?page_id=10\" rel=\"https:\/\/couchcoaching.eu\/?page_id=11\">Oliver<\/a><\/div>\n\n\n\n<div class=\"wp-block-button\"><a class=\"wp-block-button__link has-background has-luminous-vivid-orange-background-color\" href=\"https:\/\/couchcoaching.eu\/?page_id=11\" rel=\"https:\/\/couchcoaching.eu\/?page_id=11\">Anne<\/a><\/div>\n\n\n\n<div class=\"wp-block-button\"><a class=\"wp-block-button__link has-background has-luminous-vivid-orange-background-color\" href=\"https:\/\/couchcoaching.eu\/?page_id=12\" rel=\"https:\/\/couchcoaching.eu\/?page_id=12\">Tilman<\/a><\/div>\n<\/div>\n\n\n\n<div style=\"height:120px\" aria-hidden=\"true\" class=\"wp-block-spacer\"><\/div>\n\n\n\n<p class=\"has-small-font-size\">Copyright <em>\u00a9<\/em> 2023 by Couchcoaching.eu<\/p>\n","protected":false},"excerpt":{"rendered":"<p>\u00dcber uns und unser Projekt Wir sind Anne, Oliver und Tilman, die Gr\u00fcnder*innen des Projektes Couchcoaching. Anne und Oliver sind ausgebildete Systemische Coaches\/Berater (SIA, Berlin). Tilman ist Trainer f\u00fcr GFK (Center for Nonviolent Communication, CNVC).&nbsp; Couchcoaching\u00a0sehen wir als\u00a0wunderbare M\u00f6glichkeit, unsere\u00a0Coachingangebote\u00a0zu b\u00fcndeln und zu professionalisieren. Die Entscheidung\u00a0eine\u00a0Plattform f\u00fcr Coaching\u00a0aufzubauen,\u00a0entspringt unserem\u00a0Wunsch, uns\u00a0mit Gleichgesinnten\u00a0zu verbinden und\u00a0uns im kreativen\u00a0Austausch\u00a0stetig weiterzuentwickeln. So k\u00f6nnen wir uns an der Arbeit der\u00a0anderen inspirieren\u00a0und\u00a0gemeinschaftlich\u00a0eine Angebotsstruktur aufbauen, die\u00a0vielf\u00e4ltige\u00a0Bedarfe abdeckt.\u00a0\u00a0 Alle&nbsp;Couchcoaches&nbsp;bringen<\/p>\n<div class=\"belowpost\">\n<div class=\"postdate\">Mai 25, 2020<\/div>\n<div><a class=\"more-link\" href=\"https:\/\/couchcoaching.eu\/?page_id=371\">Read More<\/a><\/div>\n<\/p><\/div>\n","protected":false},"author":2,"featured_media":521,"parent":0,"menu_order":0,"comment_status":"closed","ping_status":"closed","template":"template-full-width.php","meta":[],"_links":{"self":[{"href":"https:\/\/couchcoaching.eu\/index.php?rest_route=\/wp\/v2\/pages\/371"}],"collection":[{"href":"https:\/\/couchcoaching.eu\/index.php?rest_route=\/wp\/v2\/pages"}],"about":[{"href":"https:\/\/couchcoaching.eu\/index.php?rest_route=\/wp\/v2\/types\/page"}],"author":[{"embeddable":true,"href":"https:\/\/couchcoaching.eu\/index.php?rest_route=\/wp\/v2\/users\/2"}],"replies":[{"embeddable":true,"href":"https:\/\/couchcoaching.eu\/index.php?rest_route=%2Fwp%2Fv2%2Fcomments&post=371"}],"version-history":[{"count":25,"href":"https:\/\/couchcoaching.eu\/index.php?rest_route=\/wp\/v2\/pages\/371\/revisions"}],"predecessor-version":[{"id":848,"href":"https:\/\/couchcoaching.eu\/index.php?rest_route=\/wp\/v2\/pages\/371\/revisions\/848"}],"wp:featuredmedia":[{"embeddable":true,"href":"https:\/\/couchcoaching.eu\/index.php?rest_route=\/wp\/v2\/media\/521"}],"wp:attachment":[{"href":"https:\/\/couchcoaching.eu\/index.php?rest_route=%2Fwp%2Fv2%2Fmedia&parent=371"}],"curies":[{"name":"wp","href":"https:\/\/api.w.org\/{rel}","templated":true}]}}