{"id":33,"date":"2020-01-24T09:14:24","date_gmt":"2020-01-24T09:14:24","guid":{"rendered":"http:\/\/couchcoaching.eu\/?page_id=33"},"modified":"2022-03-02T11:09:00","modified_gmt":"2022-03-02T11:09:00","slug":"termin-vereinbaren","status":"publish","type":"page","link":"https:\/\/couchcoaching.eu\/?page_id=33","title":{"rendered":"Termin vereinbaren"},"content":{"rendered":"\n<h3>Du hast Interesse an einem Coaching?&nbsp;<\/h3>\n\n\n\n<p>Sch\u00f6n! So gehst Du vor:&nbsp;&nbsp;<\/p>\n\n\n\n<p>Schreibe direkt an den Coach Deiner Wahl.&nbsp;<\/p>\n\n\n\n<p>Die Emailadressen zur Kontaktaufnahme mit uns findest Du in der Einladungs-Email, die den Link enth\u00e4lt, der Dich auf diese Website gef\u00fchrt hat. M\u00f6glicherweise hast Du auch eine pers\u00f6nliche Einladung oder eine Visitenkarte erhalten. Dann findest Du die Kontaktdaten&nbsp;dort.<\/p>\n\n\n\n<p><\/p>\n\n\n\n<div style=\"height:20px\" aria-hidden=\"true\" class=\"wp-block-spacer\"><\/div>\n\n\n\n<p><\/p>\n\n\n\n<p><\/p>\n\n\n\n<div style=\"height:20px\" aria-hidden=\"true\" class=\"wp-block-spacer\"><\/div>\n\n\n\n<h3>Ort, Zeit und Ablauf<\/h3>\n\n\n\n<p>Wir bieten Coaching in Praxisr\u00e4umen in der Berliner Innenstadt, online via Videokonferenz oder als Beratungsspaziergang. Beim ersten Treffen lernen wir einander kennen, sprechen \u00fcber Dein Thema und das mit ihm verbundene Anliegen. Meist ergeben sich daraus eine zeitliche Perspektive sowie eine Vereinbarung \u00fcber die Gestaltung des weiteren Prozesses. Viele Coachings finden nach zwei bis f\u00fcnf Terminen ihren nat\u00fcrlichen Abschluss. Aber auch eine l\u00e4ngerfristige Begleitung kann individuell vereinbart werden.<\/p>\n\n\n\n<div style=\"height:20px\" aria-hidden=\"true\" class=\"wp-block-spacer\"><\/div>\n\n\n\n<h3><\/h3>\n\n\n\n<p><\/p>\n\n\n\n<div style=\"height:120px\" aria-hidden=\"true\" class=\"wp-block-spacer\"><\/div>\n\n\n\n<p class=\"has-small-font-size\">Copyright <em>\u00a9<\/em> 2023 by Couchcoaching.eu<\/p>\n","protected":false},"excerpt":{"rendered":"<p>Du hast Interesse an einem Coaching?&nbsp; Sch\u00f6n! So gehst Du vor:&nbsp;&nbsp; Schreibe direkt an den Coach Deiner Wahl.&nbsp; Die Emailadressen zur Kontaktaufnahme mit uns findest Du in der Einladungs-Email, die den Link enth\u00e4lt, der Dich auf diese Website gef\u00fchrt hat. M\u00f6glicherweise hast Du auch eine pers\u00f6nliche Einladung oder eine Visitenkarte erhalten. Dann findest Du die Kontaktdaten&nbsp;dort. Ort, Zeit und Ablauf Wir bieten Coaching in Praxisr\u00e4umen in der Berliner Innenstadt, online<\/p>\n<div class=\"belowpost\">\n<div class=\"postdate\">Januar 24, 2020<\/div>\n<div><a class=\"more-link\" href=\"https:\/\/couchcoaching.eu\/?page_id=33\">Read More<\/a><\/div>\n<\/p><\/div>\n","protected":false},"author":1,"featured_media":524,"parent":0,"menu_order":0,"comment_status":"closed","ping_status":"closed","template":"template-full-width.php","meta":[],"_links":{"self":[{"href":"https:\/\/couchcoaching.eu\/index.php?rest_route=\/wp\/v2\/pages\/33"}],"collection":[{"href":"https:\/\/couchcoaching.eu\/index.php?rest_route=\/wp\/v2\/pages"}],"about":[{"href":"https:\/\/couchcoaching.eu\/index.php?rest_route=\/wp\/v2\/types\/page"}],"author":[{"embeddable":true,"href":"https:\/\/couchcoaching.eu\/index.php?rest_route=\/wp\/v2\/users\/1"}],"replies":[{"embeddable":true,"href":"https:\/\/couchcoaching.eu\/index.php?rest_route=%2Fwp%2Fv2%2Fcomments&post=33"}],"version-history":[{"count":40,"href":"https:\/\/couchcoaching.eu\/index.php?rest_route=\/wp\/v2\/pages\/33\/revisions"}],"predecessor-version":[{"id":945,"href":"https:\/\/couchcoaching.eu\/index.php?rest_route=\/wp\/v2\/pages\/33\/revisions\/945"}],"wp:featuredmedia":[{"embeddable":true,"href":"https:\/\/couchcoaching.eu\/index.php?rest_route=\/wp\/v2\/media\/524"}],"wp:attachment":[{"href":"https:\/\/couchcoaching.eu\/index.php?rest_route=%2Fwp%2Fv2%2Fmedia&parent=33"}],"curies":[{"name":"wp","href":"https:\/\/api.w.org\/{rel}","templated":true}]}}