{"id":27,"date":"2020-01-19T13:35:53","date_gmt":"2020-01-19T13:35:53","guid":{"rendered":"http:\/\/couchcoaching.eu\/?page_id=27"},"modified":"2024-02-06T12:01:58","modified_gmt":"2024-02-06T12:01:58","slug":"willkommen","status":"publish","type":"page","link":"https:\/\/couchcoaching.eu\/","title":{"rendered":""},"content":{"rendered":"\n<h3 class=\"has-text-align-center\">Sch\u00f6n, dass Du uns besuchst!<\/h3>\n\n\n\n<p class=\"has-text-align-center\">Wir sind Anne, Oliver und Tilman.&nbsp;Wir geben Dir die M\u00f6glichkeit, in einem professionellen Coaching neue Haltungen und L\u00f6sungen zu entwickeln f\u00fcr die Themen, die Dich in Deinem Alltag bewegen.&nbsp;<\/p>\n\n\n\n<div style=\"height:30px\" aria-hidden=\"true\" class=\"wp-block-spacer\"><\/div>\n\n\n\n<div style=\"height:30px\" aria-hidden=\"true\" class=\"wp-block-spacer\"><\/div>\n\n\n\n<h3 class=\"has-text-align-center\">Schau&#8217; Dich bei uns um!&nbsp;<\/h3>\n\n\n\n<p class=\"has-text-align-center\">Hier findest Du Infos zu den Fragen, was &#8220;Coaching&#8221; ist und was Dich in einem Coaching konkret erwartet: <\/p>\n\n\n\n<div style=\"height:20px\" aria-hidden=\"true\" class=\"wp-block-spacer\"><\/div>\n\n\n\n<div class=\"wp-block-button aligncenter\"><a class=\"wp-block-button__link has-luminous-vivid-orange-background-color has-background wp-element-button\" href=\"https:\/\/couchcoaching.eu\/?page_id=507\" rel=\"https:\/\/couchcoaching.eu\/?page_id=507\">Coaching<\/a><\/div>\n\n\n\n<div style=\"height:20px\" aria-hidden=\"true\" class=\"wp-block-spacer\"><\/div>\n\n\n\n<p class=\"has-text-align-center\">Hier findest Du Informationen rund um die Terminvereinbarung: <\/p>\n\n\n\n<div style=\"height:20px\" aria-hidden=\"true\" class=\"wp-block-spacer\"><\/div>\n\n\n\n<div class=\"wp-block-button aligncenter\"><a class=\"wp-block-button__link has-luminous-vivid-orange-background-color has-background wp-element-button\" href=\"https:\/\/couchcoaching.eu\/?page_id=33\" rel=\"https:\/\/couchcoaching.eu\/?page_id=33 \">Termin vereinbaren<\/a><\/div>\n\n\n\n<div style=\"height:20px\" aria-hidden=\"true\" class=\"wp-block-spacer\"><\/div>\n\n\n\n<p class=\"has-text-align-center\">Hier findest Du weitere Infos \u00fcber uns und das Projekt Couchcoaching: <\/p>\n\n\n\n<div style=\"height:20px\" aria-hidden=\"true\" class=\"wp-block-spacer\"><\/div>\n\n\n\n<div class=\"wp-block-button aligncenter\"><a class=\"wp-block-button__link has-luminous-vivid-orange-background-color has-background wp-element-button\" href=\"https:\/\/couchcoaching.eu\/?page_id=371\" rel=\"https:\/\/couchcoaching.eu\/?page_id=371\">\u00dcber uns<\/a><\/div>\n\n\n\n<div style=\"height:20px\" aria-hidden=\"true\" class=\"wp-block-spacer\"><\/div>\n\n\n\n<p class=\"has-text-align-center\">Hier geht es direkt zu unseren Profilen und individuellen Angeboten: <\/p>\n\n\n\n<div style=\"height:20px\" aria-hidden=\"true\" class=\"wp-block-spacer\"><\/div>\n\n\n\n<div class=\"wp-block-button aligncenter\"><a class=\"wp-block-button__link has-luminous-vivid-orange-background-color has-background wp-element-button\" href=\"https:\/\/couchcoaching.eu\/?page_id=10\" rel=\"https:\/\/couchcoaching.eu\/?page_id=10\">Oliver<\/a><\/div>\n\n\n\n<div style=\"height:20px\" aria-hidden=\"true\" class=\"wp-block-spacer\"><\/div>\n\n\n\n<div class=\"wp-block-button aligncenter\"><a class=\"wp-block-button__link has-luminous-vivid-orange-background-color has-background wp-element-button\" href=\"https:\/\/couchcoaching.eu\/?page_id=11\" rel=\"https:\/\/couchcoaching.eu\/?page_id=11\">Anne<\/a><\/div>\n\n\n\n<div style=\"height:20px\" aria-hidden=\"true\" class=\"wp-block-spacer\"><\/div>\n\n\n\n<div class=\"wp-block-button aligncenter\"><a class=\"wp-block-button__link has-luminous-vivid-orange-background-color has-background wp-element-button\" href=\"https:\/\/couchcoaching.eu\/?page_id=12\" rel=\"https:\/\/couchcoaching.eu\/?page_id=12\">Tilman<\/a><\/div>\n\n\n\n<div style=\"height:120px\" aria-hidden=\"true\" class=\"wp-block-spacer\"><\/div>\n\n\n\n<p class=\"has-small-font-size\">Copyright <em>\u00a9<\/em> 2023 by Couchcoaching.eu<\/p>\n","protected":false},"excerpt":{"rendered":"<p>Sch\u00f6n, dass Du uns besuchst! Wir sind Anne, Oliver und Tilman.&nbsp;Wir geben Dir die M\u00f6glichkeit, in einem professionellen Coaching neue Haltungen und L\u00f6sungen zu entwickeln f\u00fcr die Themen, die Dich in Deinem Alltag bewegen.&nbsp; Schau&#8217; Dich bei uns um!&nbsp; Hier findest Du Infos zu den Fragen, was &#8220;Coaching&#8221; ist und was Dich in einem Coaching konkret erwartet: Hier findest Du Informationen rund um die Terminvereinbarung: Hier findest Du weitere Infos<\/p>\n<div class=\"belowpost\">\n<div class=\"postdate\">Januar 19, 2020<\/div>\n<div><a class=\"more-link\" href=\"https:\/\/couchcoaching.eu\/\">Read More<\/a><\/div>\n<\/p><\/div>\n","protected":false},"author":1,"featured_media":0,"parent":0,"menu_order":0,"comment_status":"closed","ping_status":"closed","template":"template-full-width.php","meta":[],"_links":{"self":[{"href":"https:\/\/couchcoaching.eu\/index.php?rest_route=\/wp\/v2\/pages\/27"}],"collection":[{"href":"https:\/\/couchcoaching.eu\/index.php?rest_route=\/wp\/v2\/pages"}],"about":[{"href":"https:\/\/couchcoaching.eu\/index.php?rest_route=\/wp\/v2\/types\/page"}],"author":[{"embeddable":true,"href":"https:\/\/couchcoaching.eu\/index.php?rest_route=\/wp\/v2\/users\/1"}],"replies":[{"embeddable":true,"href":"https:\/\/couchcoaching.eu\/index.php?rest_route=%2Fwp%2Fv2%2Fcomments&post=27"}],"version-history":[{"count":84,"href":"https:\/\/couchcoaching.eu\/index.php?rest_route=\/wp\/v2\/pages\/27\/revisions"}],"predecessor-version":[{"id":991,"href":"https:\/\/couchcoaching.eu\/index.php?rest_route=\/wp\/v2\/pages\/27\/revisions\/991"}],"wp:attachment":[{"href":"https:\/\/couchcoaching.eu\/index.php?rest_route=%2Fwp%2Fv2%2Fmedia&parent=27"}],"curies":[{"name":"wp","href":"https:\/\/api.w.org\/{rel}","templated":true}]}}