{"id":11,"date":"2020-01-19T13:18:37","date_gmt":"2020-01-19T13:18:37","guid":{"rendered":"http:\/\/couchcoaching.eu\/?page_id=11"},"modified":"2020-12-02T10:45:25","modified_gmt":"2020-12-02T10:45:25","slug":"coach-deux","status":"publish","type":"page","link":"https:\/\/couchcoaching.eu\/?page_id=11","title":{"rendered":"Anne"},"content":{"rendered":"\n<div style=\"height:20px\" aria-hidden=\"true\" class=\"wp-block-spacer\"><\/div>\n\n\n\n<h3>Mein Anliegen<\/h3>\n\n\n\n<p>Als Coachin unterst\u00fctze ich Menschen, sich ihrer Vorstellung eines guten Lebens bewusst zu werden und sich zielgerichtet auf den Weg zu begeben, diese zu verwirklichen. Das tun zu d\u00fcrfen und dabei ganz unterschiedliche Menschen mit individuellen Herausforderungen zu begleiten, empfinde ich als erf\u00fcllend. Im Coaching treten wir in eine kraftvolle Verbindung mit uns selbst. Wenn wir uns selbst mit unseren vielen Facetten gut verstehen und erkennen, was f\u00fcr uns zutiefst z\u00e4hlt, dann fallen uns wichtige Entscheidungen im Leben leichter. Und wir k\u00f6nnen \u2013 trotz Hindernissen \u2013 beherzt den n\u00e4chsten Schritt tun. Nebenbei bin ich \u00fcberzeugt, dass Menschen, die sp\u00fcren, was ihnen im Leben wirklich wichtig ist, auch Gutes in die Welt tragen.\u00a0<\/p>\n\n\n\n<p>Pers\u00f6nlich faszinieren mich Coachingans\u00e4tze, bei denen pragmatische Impulse zur inneren Kl\u00e4rung und Verhaltens\u00e4nderung in eine tiefere Werte- und Lebensorientierung eingebettet sind \u2013 und die dadurch Ausgangspunkt f\u00fcr eine wirkungsvolle Transformation der Lebenszusammenh\u00e4nge werden k\u00f6nnen (z. B. \u201eACT \u2013 Akzeptanz und Commitment-Therapie&#8221;).<\/p>\n\n\n\n<p><\/p>\n\n\n\n<p><\/p>\n\n\n\n<figure class=\"wp-block-image size-large\"><img decoding=\"async\" loading=\"lazy\" width=\"1024\" height=\"575\" src=\"https:\/\/couchcoaching.eu\/wp-content\/uploads\/2020\/06\/20200607_202318-1024x575.jpg\" alt=\"\" class=\"wp-image-594\" srcset=\"https:\/\/couchcoaching.eu\/wp-content\/uploads\/2020\/06\/20200607_202318-1024x575.jpg 1024w, https:\/\/couchcoaching.eu\/wp-content\/uploads\/2020\/06\/20200607_202318-300x169.jpg 300w, https:\/\/couchcoaching.eu\/wp-content\/uploads\/2020\/06\/20200607_202318-768x431.jpg 768w, https:\/\/couchcoaching.eu\/wp-content\/uploads\/2020\/06\/20200607_202318.jpg 1182w\" sizes=\"(max-width: 1024px) 100vw, 1024px\" \/><\/figure>\n\n\n\n<div style=\"height:20px\" aria-hidden=\"true\" class=\"wp-block-spacer\"><\/div>\n\n\n\n<h3>Mein Weg zur Couchcoachin<\/h3>\n\n\n\n<p>Ausbildung zur Systemischen Coachin und zur Systemischen Beraterin (SIA-Berlin). Weiterbildungen u.a. in \u201eACT \u2013 Akzeptanz und Commitment-Therapie\u201c, \u201eSchematherapie f\u00fcr Systemiker\u201c (SIA-Berlin). <\/p>\n\n\n\n<p>M.Sc. &amp; B.Sc. in Psychologie und B.A. in Kommunikationswissenschaften; Lebensstationen in Augsburg, Dresden und Lissabon, das mir zu einer zweiten Heimat geworden ist.<\/p>\n\n\n\n<p>Seit 2017 arbeite ich in einer Berliner Unternehmensberatung f\u00fcr verschiedene Klienten deutschlandweit. Neben der Begleitung umfassender Kulturwandelprojekte entwickle und leite ich dort Workshops zu Themen wie Mindfulness, Compassionate Leadership und Selbstmanagement sowie Teamentwicklungsworkshops.&nbsp;<\/p>\n\n\n\n<p><\/p>\n\n\n\n<div style=\"height:20px\" aria-hidden=\"true\" class=\"wp-block-spacer\"><\/div>\n\n\n\n<h3>Und sonst&#8230;<\/h3>\n\n\n\n<p>Inspirierende und nahe Begegnungen, portugiesische Atlantikwellen, Bouldern und gutes, bewusstes Essen lassen mein Herz h\u00f6her schlagen. Mein Herz schl\u00e4gt ruhiger beim Meditieren, Yoga und beim Abtauchen im gr\u00fcnen Umland Berlins.<\/p>\n\n\n\n<div style=\"height:50px\" aria-hidden=\"true\" class=\"wp-block-spacer\"><\/div>\n\n\n\n<p>Zu den anderen Coaches:<\/p>\n\n\n\n<div class=\"is-layout-flex wp-block-buttons\">\n<div class=\"wp-block-button\"><a class=\"wp-block-button__link has-background has-luminous-vivid-orange-background-color\" href=\"https:\/\/couchcoaching.eu\/?page_id=10\">Oliver<\/a><\/div>\n\n\n\n<div class=\"wp-block-button\"><a class=\"wp-block-button__link has-background has-luminous-vivid-orange-background-color\" href=\"https:\/\/couchcoaching.eu\/?page_id=12\">Tilman<\/a><\/div>\n<\/div>\n\n\n\n<div style=\"height:120px\" aria-hidden=\"true\" class=\"wp-block-spacer\"><\/div>\n\n\n\n<p class=\"has-small-font-size\">Copyright <em>\u00a9<\/em> 2023 by Couchcoaching.eu<\/p>\n","protected":false},"excerpt":{"rendered":"<p>Mein Anliegen Als Coachin unterst\u00fctze ich Menschen, sich ihrer Vorstellung eines guten Lebens bewusst zu werden und sich zielgerichtet auf den Weg zu begeben, diese zu verwirklichen. Das tun zu d\u00fcrfen und dabei ganz unterschiedliche Menschen mit individuellen Herausforderungen zu begleiten, empfinde ich als erf\u00fcllend. Im Coaching treten wir in eine kraftvolle Verbindung mit uns selbst. Wenn wir uns selbst mit unseren vielen Facetten gut verstehen und erkennen, was f\u00fcr<\/p>\n<div class=\"belowpost\">\n<div class=\"postdate\">Januar 19, 2020<\/div>\n<div><a class=\"more-link\" href=\"https:\/\/couchcoaching.eu\/?page_id=11\">Read More<\/a><\/div>\n<\/p><\/div>\n","protected":false},"author":1,"featured_media":642,"parent":27,"menu_order":0,"comment_status":"closed","ping_status":"closed","template":"template-full-width.php","meta":[],"_links":{"self":[{"href":"https:\/\/couchcoaching.eu\/index.php?rest_route=\/wp\/v2\/pages\/11"}],"collection":[{"href":"https:\/\/couchcoaching.eu\/index.php?rest_route=\/wp\/v2\/pages"}],"about":[{"href":"https:\/\/couchcoaching.eu\/index.php?rest_route=\/wp\/v2\/types\/page"}],"author":[{"embeddable":true,"href":"https:\/\/couchcoaching.eu\/index.php?rest_route=\/wp\/v2\/users\/1"}],"replies":[{"embeddable":true,"href":"https:\/\/couchcoaching.eu\/index.php?rest_route=%2Fwp%2Fv2%2Fcomments&post=11"}],"version-history":[{"count":51,"href":"https:\/\/couchcoaching.eu\/index.php?rest_route=\/wp\/v2\/pages\/11\/revisions"}],"predecessor-version":[{"id":863,"href":"https:\/\/couchcoaching.eu\/index.php?rest_route=\/wp\/v2\/pages\/11\/revisions\/863"}],"up":[{"embeddable":true,"href":"https:\/\/couchcoaching.eu\/index.php?rest_route=\/wp\/v2\/pages\/27"}],"wp:featuredmedia":[{"embeddable":true,"href":"https:\/\/couchcoaching.eu\/index.php?rest_route=\/wp\/v2\/media\/642"}],"wp:attachment":[{"href":"https:\/\/couchcoaching.eu\/index.php?rest_route=%2Fwp%2Fv2%2Fmedia&parent=11"}],"curies":[{"name":"wp","href":"https:\/\/api.w.org\/{rel}","templated":true}]}}