{"id":10,"date":"2020-01-19T13:18:37","date_gmt":"2020-01-19T13:18:37","guid":{"rendered":"http:\/\/couchcoaching.eu\/?page_id=10"},"modified":"2022-03-02T11:39:57","modified_gmt":"2022-03-02T11:39:57","slug":"coach-un","status":"publish","type":"page","link":"https:\/\/couchcoaching.eu\/?page_id=10","title":{"rendered":"Oliver"},"content":{"rendered":"\n<blockquote class=\"wp-block-quote has-text-align-left\"><p>I always take the long way, if it&#8217;s more beautyful.  <\/p><cite>Abbas Kiarostami<\/cite><\/blockquote>\n\n\n\n<div style=\"height:20px\" aria-hidden=\"true\" class=\"wp-block-spacer\"><\/div>\n\n\n\n<h3>Mein Anliegen<\/h3>\n\n\n\n<p>Als wir uns daf\u00fcr entschieden haben, unser Projekt \u201eCouchcoaching\u201c zu nennen, war uns bewusst, dass eine Namensverwandtschaft mit dem gr\u00f6\u00dften sozialen Netzwerk f\u00fcr Traveler besteht: Couchsurfing. Wir fanden\u2018s spontan super. \u201ePasst!\u201c und \u201eGenau <em>darum<\/em> geht es uns auch!\u201c waren unsere Reaktionen. <\/p>\n\n\n\n<p>Uns wurde klar: viele der Werte, die f\u00fcr die Art des Reisens stehen, der Couchsurfing eine Plattform bietet, verbinden wir auch mit Coaching. Offenheit und Wertsch\u00e4tzung f\u00fcr vielf\u00e4ltige Lebensgeschichten, die Freude, Begegnung und einen vertieften Kontakt zu gestalten, Lust, neue Wege zu gehen und als Mensch zu wachsen, sind einige von ihnen. Und nicht zuletzt: der Wunsch nach einem sinnhaften und erf\u00fcllten Leben.<\/p>\n\n\n\n<p>Ich freue mich, auf meiner Couch, Menschen zu empfangen, die sich auf dem Weg befinden. Und w\u00fcnsche mir, dass sie hier die Klarheit und Impulse finden, die sie brauchen, um beherzt den n\u00e4chsten Schritt auf ihrer einzigartigen Reise zu tun.<\/p>\n\n\n\n<p>Coaching bringt tiefgreifende Einsichten in sich selbst, lichtet das Denken, l\u00f6st Blockaden, versorgt mit frischer Energie und macht oft viel Freude. F\u00fchl&#8217; Dich herzlich eingeladen, diese Erfahrung mit mir zu teilen. &nbsp;<\/p>\n\n\n\n<p><\/p>\n\n\n\n<figure class=\"wp-block-image size-large\"><img decoding=\"async\" loading=\"lazy\" width=\"1024\" height=\"576\" src=\"https:\/\/couchcoaching.eu\/wp-content\/uploads\/2020\/06\/DSC01294-1024x576.jpg\" alt=\"\" class=\"wp-image-593\" srcset=\"https:\/\/couchcoaching.eu\/wp-content\/uploads\/2020\/06\/DSC01294-1024x576.jpg 1024w, https:\/\/couchcoaching.eu\/wp-content\/uploads\/2020\/06\/DSC01294-300x169.jpg 300w, https:\/\/couchcoaching.eu\/wp-content\/uploads\/2020\/06\/DSC01294-768x432.jpg 768w, https:\/\/couchcoaching.eu\/wp-content\/uploads\/2020\/06\/DSC01294-2048x1152.jpg 2048w\" sizes=\"(max-width: 1024px) 100vw, 1024px\" \/><\/figure>\n\n\n\n<h3>Mein Weg zum Couchcoach<\/h3>\n\n\n\n<p>Ausbildungen: Systemischer Coach\/Berater (SIA-Berlin\/SG zertifiziert), Counselor\/Psychosozialer Berater (ASH-Berlin). <\/p>\n\n\n\n<p>Qualifikationen: ACT \u2013 Akzeptanz und Commitment-Therapie (SIA-Berlin),  Schematherapie f\u00fcr Systemiker (SIA-Berlin),  Achtsame Beratung (Institut f\u00fcr Bildungscoaching), Interkulturelle Mediation (ASH-Berlin)  \u00a0<\/p>\n\n\n\n<p>Neben meinem Engagement bei Couchcoaching bin ich mit viel Freude und Leidenschaft als Coach, Supervisor und Trainer in den Arbeitsfeldern Schule, Jugend\/Erziehung sowie der partizipativen Organisations- und Teamentwicklung t\u00e4tig. <\/p>\n\n\n\n<p><\/p>\n\n\n\n<p><\/p>\n\n\n\n<h3>Und sonst &#8230; <\/h3>\n\n\n\n<p>\u2026 begann mein Weg zum Couchcoach mit einer radikalen Entscheidung. Ich verlie\u00df einen Berufsweg, der mich \u00fcber ein geisteswissenschaftliches Studium, &nbsp;eigene Theaterprojekte und Assistenzen schlie\u00dflich in die Festanstellung als Dramaturg und Produktionsleiter eines Berliner Theaters gef\u00fchrt hatte. Vier Jahre &#8211; dann brauchte ich einen Neuanfang: zur\u00fcck in die partizipative Jugendbildung, die mir als Student wahnsinnig viel Freude bereitet hatte, zur\u00fcck an die Hochschule, rein in ein neues\/altes Arbeitsfeld. Die Unsicherheit, die einem neuen Anfang innewohnt, habe ich pers\u00f6nlich erlebt. Aber auch die Lebensenergie und den Zauber, der sich die Dinge auf wundersame Weise f\u00fcgen l\u00e4sst.    &nbsp;<\/p>\n\n\n\n<div style=\"height:50px\" aria-hidden=\"true\" class=\"wp-block-spacer\"><\/div>\n\n\n\n<p>Zu den anderen Coaches:<\/p>\n\n\n\n<div class=\"is-layout-flex wp-block-buttons\">\n<div class=\"wp-block-button\"><a class=\"wp-block-button__link has-text-color has-very-light-gray-color has-background has-luminous-vivid-orange-background-color\" href=\"https:\/\/couchcoaching.eu\/?page_id=11\">Anne<\/a><\/div>\n\n\n\n<div class=\"wp-block-button\"><a class=\"wp-block-button__link has-text-color has-very-light-gray-color has-background has-luminous-vivid-orange-background-color\" href=\"https:\/\/couchcoaching.eu\/?page_id=12\">Tilman<\/a><\/div>\n<\/div>\n\n\n\n<div style=\"height:130px\" aria-hidden=\"true\" class=\"wp-block-spacer\"><\/div>\n\n\n\n<p class=\"has-small-font-size\">Copyright <em>\u00a9<\/em> 2023 by Couchcoaching.eu<\/p>\n","protected":false},"excerpt":{"rendered":"<p>I always take the long way, if it&#8217;s more beautyful. Abbas Kiarostami Mein Anliegen Als wir uns daf\u00fcr entschieden haben, unser Projekt \u201eCouchcoaching\u201c zu nennen, war uns bewusst, dass eine Namensverwandtschaft mit dem gr\u00f6\u00dften sozialen Netzwerk f\u00fcr Traveler besteht: Couchsurfing. Wir fanden\u2018s spontan super. \u201ePasst!\u201c und \u201eGenau darum geht es uns auch!\u201c waren unsere Reaktionen. Uns wurde klar: viele der Werte, die f\u00fcr die Art des Reisens stehen, der Couchsurfing<\/p>\n<div class=\"belowpost\">\n<div class=\"postdate\">Januar 19, 2020<\/div>\n<div><a class=\"more-link\" href=\"https:\/\/couchcoaching.eu\/?page_id=10\">Read More<\/a><\/div>\n<\/p><\/div>\n","protected":false},"author":1,"featured_media":341,"parent":0,"menu_order":0,"comment_status":"closed","ping_status":"closed","template":"template-full-width.php","meta":[],"_links":{"self":[{"href":"https:\/\/couchcoaching.eu\/index.php?rest_route=\/wp\/v2\/pages\/10"}],"collection":[{"href":"https:\/\/couchcoaching.eu\/index.php?rest_route=\/wp\/v2\/pages"}],"about":[{"href":"https:\/\/couchcoaching.eu\/index.php?rest_route=\/wp\/v2\/types\/page"}],"author":[{"embeddable":true,"href":"https:\/\/couchcoaching.eu\/index.php?rest_route=\/wp\/v2\/users\/1"}],"replies":[{"embeddable":true,"href":"https:\/\/couchcoaching.eu\/index.php?rest_route=%2Fwp%2Fv2%2Fcomments&post=10"}],"version-history":[{"count":39,"href":"https:\/\/couchcoaching.eu\/index.php?rest_route=\/wp\/v2\/pages\/10\/revisions"}],"predecessor-version":[{"id":956,"href":"https:\/\/couchcoaching.eu\/index.php?rest_route=\/wp\/v2\/pages\/10\/revisions\/956"}],"wp:featuredmedia":[{"embeddable":true,"href":"https:\/\/couchcoaching.eu\/index.php?rest_route=\/wp\/v2\/media\/341"}],"wp:attachment":[{"href":"https:\/\/couchcoaching.eu\/index.php?rest_route=%2Fwp%2Fv2%2Fmedia&parent=10"}],"curies":[{"name":"wp","href":"https:\/\/api.w.org\/{rel}","templated":true}]}}